{"id":54,"date":"2026-03-02T14:00:36","date_gmt":"2026-03-02T13:00:36","guid":{"rendered":"https:\/\/znalostnihub.ujep.cz\/?page_id=54"},"modified":"2026-04-08T10:23:06","modified_gmt":"2026-04-08T08:23:06","slug":"knihovna","status":"publish","type":"page","link":"https:\/\/znalostnihub.ujep.cz\/index.php\/knihovna\/","title":{"rendered":"Knihovna"},"content":{"rendered":"\n<p class=\"has-huge-font-size\"><strong>V\u00fdzkumn\u00e9 zpr\u00e1vy<\/strong><\/p>\n\n\n\n<hr class=\"wp-block-separator has-alpha-channel-opacity\"\/>\n\n\n\n<p class=\"has-background-3-background-color has-background\"><strong>KA2_C_2: Efektivn\u00ed vyu\u017eit\u00ed obecn\u00edho majetku pro lok\u00e1ln\u00ed energetickou transformaci<\/strong><\/p>\n\n\n\n<ul class=\"wp-block-list\">\n<li><a href=\"https:\/\/znalostnihub.ujep.cz\/wp-content\/uploads\/2026\/03\/Vyzkumna_zprava_04_Choice_experiment_fin.pdf\">Metodick\u00fd postup ke zji\u0161\u0165ov\u00e1n\u00ed ve\u0159ejn\u00fdch preferenc\u00ed pomoc\u00ed Choice experimentu<\/a><\/li>\n\n\n\n<li><a href=\"https:\/\/znalostnihub.ujep.cz\/wp-content\/uploads\/2026\/03\/Vyzkumna_zprava_08_lokalni_energeticka_transformace_nahled_02.pdf\">Lok\u00e1ln\u00ed energetick\u00e1 transformace: Jak p\u0159ekonat bari\u00e9ry a vyu\u017e\u00edt potenci\u00e1l regionu<\/a><\/li>\n\n\n\n<li><a href=\"https:\/\/znalostnihub.ujep.cz\/wp-content\/uploads\/2026\/03\/Vyzkumna-zprava-2-tym-II_FINAL.pdf\">V\u00fdzkumn\u00e1 zpr\u00e1va s metodick\u00fdm postupem ke zji\u0161\u0165ov\u00e1n\u00ed ve\u0159ejn\u00fdch preferenc\u00ed pomoc\u00ed Choice experimentu<\/a><\/li>\n\n\n\n<li><a href=\"https:\/\/znalostnihub.ujep.cz\/wp-content\/uploads\/2026\/03\/Vyzkumna-zprava-1-tym-II_FINAL.pdf\">Zpr\u00e1va shrnuj\u00edc\u00ed dosavadn\u00ed pozn\u00e1n\u00ed a identifikaci netechnick\u00fdch bari\u00e9r pro lok\u00e1ln\u00ed energetickou transformaci<\/a><\/li>\n<\/ul>\n\n\n\n<p><\/p>\n\n\n\n<hr class=\"wp-block-separator has-alpha-channel-opacity\"\/>\n\n\n\n<p class=\"has-background-3-background-color has-background\"><strong>KA2_C_3: Management regionu<\/strong><\/p>\n\n\n\n<ul class=\"wp-block-list\">\n<li><a href=\"https:\/\/znalostnihub.ujep.cz\/wp-content\/uploads\/2026\/04\/Vyzkumna_zprava_09_strategicka_komunikace_nahled_02.pdf\">Komunikace a d\u016fv\u011bra jako z\u00e1klad modern\u00ed ve\u0159ejn\u00e9 spr\u00e1vy v \u00dasteck\u00e9m kraji<\/a><\/li>\n\n\n\n<li><a href=\"https:\/\/znalostnihub.ujep.cz\/wp-content\/uploads\/2026\/04\/Vyzkumna_zprava_10_inovace_finance_nahled_02.pdf\">Koncep\u010dn\u00ed a strategick\u00e9 pl\u00e1nov\u00e1n\u00ed: Inovace ve finan\u010dn\u00edm \u0159\u00edzen\u00ed obc\u00ed<\/a><\/li>\n<\/ul>\n\n\n\n<p><\/p>\n\n\n\n<hr class=\"wp-block-separator has-alpha-channel-opacity\"\/>\n\n\n\n<p class=\"has-background-3-background-color has-background\">KA2_C_6: Komun\u00e1ln\u00ed slu\u017eby<\/p>\n\n\n\n<ul class=\"wp-block-list\">\n<li><a href=\"https:\/\/znalostnihub.ujep.cz\/wp-content\/uploads\/2026\/03\/Adaptace-komunalnich-sluzeb-na-potreby-starnouci-populace.pdf\">Adaptace komun\u00e1ln\u00edch slu\u017eeb na pot\u0159eby st\u00e1rnouc\u00ed populace a jin\u00e9 socio-demografick\u00e9 zm\u011bny v \u00dasteck\u00e9m kraji<\/a><\/li>\n\n\n\n<li><a href=\"https:\/\/znalostnihub.ujep.cz\/wp-content\/uploads\/2026\/03\/Jak-jednoduse-a-ucinne-optimalizovat-OSNO-a-littering.pdf\">Jak jednodu\u0161e a \u00fa\u010dinn\u011b optimalizovat obecn\u00ed syst\u00e9my nakl\u00e1d\u00e1n\u00ed s odpady a jak se vypo\u0159\u00e1dat s nov\u00fdm fenom\u00e9nem litteringu<\/a><\/li>\n\n\n\n<li><a href=\"https:\/\/znalostnihub.ujep.cz\/wp-content\/uploads\/2026\/03\/Vyzkumna_zprava_03_starnuti.pdf\">Adaptace komun\u00e1ln\u00edch slu\u017eeb na pot\u0159eby st\u00e1rnouc\u00ed populace a jin\u00e9 socio-demografick\u00e9 zm\u011bny v \u00dasteck\u00e9m kraji<\/a><\/li>\n\n\n\n<li><a href=\"https:\/\/znalostnihub.ujep.cz\/wp-content\/uploads\/2026\/03\/Vyzkumna_zprava_11_odpady.pdf\">Jak jednodu\u0161e a \u00fa\u010dinn\u011b optimalizovat obecn\u00ed syst\u00e9my nakl\u00e1d\u00e1n\u00ed s odpady a jak se vypo\u0159\u00e1dat s nov\u00fdm fenom\u00e9nem litteringu<\/a><\/li>\n<\/ul>\n\n\n\n<p><\/p>\n\n\n\n<hr class=\"wp-block-separator has-alpha-channel-opacity\"\/>\n\n\n\n<p><\/p>\n","protected":false},"excerpt":{"rendered":"<p>V\u00fdzkumn\u00e9 zpr\u00e1vy KA2_C_2: Efektivn\u00ed vyu\u017eit\u00ed obecn\u00edho majetku pro lok\u00e1ln\u00ed energetickou transformaci KA2_C_3: Management regionu KA2_C_6: Komun\u00e1ln\u00ed slu\u017eby<\/p>\n","protected":false},"author":1,"featured_media":0,"parent":0,"menu_order":0,"comment_status":"closed","ping_status":"closed","template":"","meta":{"footnotes":""},"class_list":["post-54","page","type-page","status-publish","hentry"],"_links":{"self":[{"href":"https:\/\/znalostnihub.ujep.cz\/index.php\/wp-json\/wp\/v2\/pages\/54","targetHints":{"allow":["GET"]}}],"collection":[{"href":"https:\/\/znalostnihub.ujep.cz\/index.php\/wp-json\/wp\/v2\/pages"}],"about":[{"href":"https:\/\/znalostnihub.ujep.cz\/index.php\/wp-json\/wp\/v2\/types\/page"}],"author":[{"embeddable":true,"href":"https:\/\/znalostnihub.ujep.cz\/index.php\/wp-json\/wp\/v2\/users\/1"}],"replies":[{"embeddable":true,"href":"https:\/\/znalostnihub.ujep.cz\/index.php\/wp-json\/wp\/v2\/comments?post=54"}],"version-history":[{"count":12,"href":"https:\/\/znalostnihub.ujep.cz\/index.php\/wp-json\/wp\/v2\/pages\/54\/revisions"}],"predecessor-version":[{"id":170,"href":"https:\/\/znalostnihub.ujep.cz\/index.php\/wp-json\/wp\/v2\/pages\/54\/revisions\/170"}],"wp:attachment":[{"href":"https:\/\/znalostnihub.ujep.cz\/index.php\/wp-json\/wp\/v2\/media?parent=54"}],"curies":[{"name":"wp","href":"https:\/\/api.w.org\/{rel}","templated":true}]}}