{"id":47,"date":"2026-03-02T13:50:01","date_gmt":"2026-03-02T12:50:01","guid":{"rendered":"https:\/\/znalostnihub.ujep.cz\/?page_id=47"},"modified":"2026-03-02T13:50:01","modified_gmt":"2026-03-02T12:50:01","slug":"zajimave-odkazy","status":"publish","type":"page","link":"https:\/\/znalostnihub.ujep.cz\/index.php\/zajimave-odkazy\/","title":{"rendered":"Zaj\u00edmav\u00e9 odkazy"},"content":{"rendered":"\n<p>Zde naleznete seznam t\u00e9maticky souvisej\u00edc\u00edch zdroj\u016f na Internetu.<\/p>\n\n\n\n<ul class=\"wp-block-list\">\n<li><a href=\"https:\/\/bod.ujep.cz\/\">BOD.UJEP<\/a><\/li>\n\n\n\n<li><a href=\"https:\/\/storymaps.arcgis.com\/stories\/212a72487f364e1a8506274e4a3e93f3\">Mozaika prom\u011bn regionu<\/a><\/li>\n<\/ul>\n\n\n\n<p><\/p>\n","protected":false},"excerpt":{"rendered":"<p>Zde naleznete seznam t\u00e9maticky souvisej\u00edc\u00edch zdroj\u016f na Internetu.<\/p>\n","protected":false},"author":1,"featured_media":0,"parent":0,"menu_order":0,"comment_status":"closed","ping_status":"closed","template":"","meta":{"footnotes":""},"class_list":["post-47","page","type-page","status-publish","hentry"],"_links":{"self":[{"href":"https:\/\/znalostnihub.ujep.cz\/index.php\/wp-json\/wp\/v2\/pages\/47","targetHints":{"allow":["GET"]}}],"collection":[{"href":"https:\/\/znalostnihub.ujep.cz\/index.php\/wp-json\/wp\/v2\/pages"}],"about":[{"href":"https:\/\/znalostnihub.ujep.cz\/index.php\/wp-json\/wp\/v2\/types\/page"}],"author":[{"embeddable":true,"href":"https:\/\/znalostnihub.ujep.cz\/index.php\/wp-json\/wp\/v2\/users\/1"}],"replies":[{"embeddable":true,"href":"https:\/\/znalostnihub.ujep.cz\/index.php\/wp-json\/wp\/v2\/comments?post=47"}],"version-history":[{"count":1,"href":"https:\/\/znalostnihub.ujep.cz\/index.php\/wp-json\/wp\/v2\/pages\/47\/revisions"}],"predecessor-version":[{"id":48,"href":"https:\/\/znalostnihub.ujep.cz\/index.php\/wp-json\/wp\/v2\/pages\/47\/revisions\/48"}],"wp:attachment":[{"href":"https:\/\/znalostnihub.ujep.cz\/index.php\/wp-json\/wp\/v2\/media?parent=47"}],"curies":[{"name":"wp","href":"https:\/\/api.w.org\/{rel}","templated":true}]}}