{"id":42,"date":"2026-03-02T13:32:34","date_gmt":"2026-03-02T12:32:34","guid":{"rendered":"https:\/\/znalostnihub.ujep.cz\/?page_id=42"},"modified":"2026-03-20T08:56:10","modified_gmt":"2026-03-20T07:56:10","slug":"nabizene-kurzy","status":"publish","type":"page","link":"https:\/\/znalostnihub.ujep.cz\/index.php\/nabizene-kurzy\/","title":{"rendered":"Nab\u00edzen\u00e9 kurzy"},"content":{"rendered":"\n<p class=\"has-huge-font-size\">Zaujaly V\u00e1s vzd\u011bl\u00e1vac\u00ed kurzy a chcete se p\u0159ihl\u00e1sit?<\/p>\n\n\n\n<p>V p\u0159\u00edpad\u011b z\u00e1jmu o \u00fa\u010dast nebo doporu\u010den\u00ed vhodn\u00e9ho kandid\u00e1ta na vzd\u011bl\u00e1vac\u00ed kurzy kontaktujte z\u00e1stupce Hospod\u00e1\u0159sk\u00e9 a soci\u00e1ln\u00ed rady \u00dasteck\u00e9ho kraje, z.s., kter\u00e1 je partnerem projektu.<\/p>\n\n\n\n<p>Kontaktn\u00ed e-mail: <strong><a href=\"mailto:znalostnihub@ujep.cz\">znalostnihub@ujep.cz<\/a><\/strong><\/p>\n\n\n\n<p>Podrobn\u00e9 informace ke vzd\u011bl\u00e1vac\u00edm kurz\u016fm V\u00e1m r\u00e1dy sd\u011bl\u00ed:<\/p>\n\n\n\n<p>Ing. Alena Piln\u00e1, e-mail: <a href=\"mailto:pilna@hsr-uk.cz\">pilna@hsr-uk.cz<\/a>, tel: 602 972 839<\/p>\n\n\n\n<p>Bc. S\u00e1ra Ku\u010derov\u00e1, e-mail: <a href=\"mailto:kucerova@hsr-uk.cz\">kucerova@hsr-uk.cz<\/a>, tel: 724 440 528<\/p>\n\n\n\n<p><\/p>\n\n\n\n<hr class=\"wp-block-separator has-alpha-channel-opacity\"\/>\n\n\n\n<p>N\u00ed\u017ee naleznete podrobn\u011bj\u0161\u00ed informace o nab\u00edzen\u00fdch kurzech na platform\u011b LMS Moodle.<\/p>\n\n\n\n<h3 class=\"wp-block-heading has-heading-color has-background-4-background-color has-text-color has-background has-link-color wp-elements-9938fb4ea7cf48da7a9b137dfcdf1b9f\">Kurz: <strong>KA2_C6 &#8211; Jak jednodu\u0161e a \u00fa\u010dinn\u011b optimalizovat obecn\u00ed syst\u00e9my nakl\u00e1d\u00e1n\u00ed s odpady<\/strong> <\/h3>\n\n\n\n<div class=\"wp-block-buttons is-content-justification-right is-layout-flex wp-container-core-buttons-is-layout-a6d96f85 wp-block-buttons-is-layout-flex\">\n<div class=\"wp-block-button\"><a class=\"wp-block-button__link wp-element-button\" href=\"https:\/\/znalostnihub.ujep.cz\/wp-content\/uploads\/2026\/03\/KA2_C6-Jak-jednoduse-a-ucinne-optimalizovat-obecni-systemy-nakladani-s-odpady.pdf\">Informa\u010dn\u00ed let\u00e1k<\/a><\/div>\n\n\n\n<div class=\"wp-block-button\"><a class=\"wp-block-button__link wp-element-button\" href=\"https:\/\/moodle.fzs.ujep.cz\/course\/view.php?id=2602\">LMS Moodle<\/a><\/div>\n<\/div>\n\n\n\n<h3 class=\"wp-block-heading has-heading-color has-background-2-background-color has-text-color has-background has-link-color wp-elements-a40abae722cec341486540842c410fb6\">Kurz: <strong>KA2_C5 &#8211; Udr\u017eiteln\u00fd management obc\u00ed &#8211; praxe pro budoucnost<\/strong> <\/h3>\n\n\n\n<div class=\"wp-block-buttons is-content-justification-right is-layout-flex wp-container-core-buttons-is-layout-a6d96f85 wp-block-buttons-is-layout-flex\">\n<div class=\"wp-block-button\"><a class=\"wp-block-button__link wp-element-button\" href=\"https:\/\/znalostnihub.ujep.cz\/wp-content\/uploads\/2026\/03\/KA2_C5-Udrzitelny-management-obci-praxe-pro-budoucnost.pdf\">Informa\u010dn\u00ed let\u00e1k<\/a><\/div>\n\n\n\n<div class=\"wp-block-button\"><a class=\"wp-block-button__link wp-element-button\" href=\"https:\/\/moodle.fzs.ujep.cz\/course\/view.php?id=2603\">LMS Moodle<\/a><\/div>\n<\/div>\n\n\n\n<h3 class=\"wp-block-heading has-heading-color has-background-4-background-color has-text-color has-background has-link-color wp-elements-20680220c7fc91806bdf122d6029fc4d\">Kurz: <strong>KA2_C5 &#8211; Udr\u017eiteln\u00fd management krajiny &#8211; cesta k odoln\u00e9 a \u017eiv\u00e9 p\u0159\u00edrod\u011b<\/strong> <\/h3>\n\n\n\n<div class=\"wp-block-buttons is-content-justification-right is-layout-flex wp-container-core-buttons-is-layout-a6d96f85 wp-block-buttons-is-layout-flex\">\n<div class=\"wp-block-button\"><a class=\"wp-block-button__link wp-element-button\" href=\"https:\/\/znalostnihub.ujep.cz\/wp-content\/uploads\/2026\/03\/KA2_C5-Udrzitelny-management-krajiny.pdf\">Informa\u010dn\u00ed let\u00e1k<\/a><\/div>\n\n\n\n<div class=\"wp-block-button\"><a class=\"wp-block-button__link wp-element-button\" href=\"https:\/\/moodle.fzs.ujep.cz\/course\/view.php?id=2604\">LMS Moodle<\/a><\/div>\n<\/div>\n\n\n\n<h3 class=\"wp-block-heading has-heading-color has-background-2-background-color has-text-color has-background has-link-color wp-elements-a764a0dce3862de9a80fce548b27b244\">Kurz: <strong>KA2_C4 &#8211; Realita soci\u00e1ln\u00edho vylou\u010den\u00ed jedinc\u016f a rodin<\/strong> <\/h3>\n\n\n\n<div class=\"wp-block-buttons is-content-justification-right is-layout-flex wp-container-core-buttons-is-layout-a6d96f85 wp-block-buttons-is-layout-flex\">\n<div class=\"wp-block-button\"><a class=\"wp-block-button__link wp-element-button\" href=\"https:\/\/znalostnihub.ujep.cz\/wp-content\/uploads\/2026\/03\/KA2_C4-Realita-socialniho-vylouceni-jedincu-a-rodin.pdf\">Informa\u010dn\u00ed let\u00e1k<\/a><\/div>\n\n\n\n<div class=\"wp-block-button\"><a class=\"wp-block-button__link wp-element-button\" href=\"https:\/\/moodle.fzs.ujep.cz\/course\/view.php?id=2605\">LMS Moodle<\/a><\/div>\n<\/div>\n\n\n\n<h3 class=\"wp-block-heading has-heading-color has-background-4-background-color has-text-color has-background has-link-color wp-elements-d22017c1ca4bc482eba423ef15616447\">Kurz: <strong>KA2_C2 &#8211; Energetick\u00e1 transformace z pohledu obc\u00ed \u00dasteck\u00e9ho kraje<\/strong> <\/h3>\n\n\n\n<div class=\"wp-block-buttons is-content-justification-right is-layout-flex wp-container-core-buttons-is-layout-a6d96f85 wp-block-buttons-is-layout-flex\">\n<div class=\"wp-block-button\"><a class=\"wp-block-button__link wp-element-button\" href=\"https:\/\/znalostnihub.ujep.cz\/wp-content\/uploads\/2026\/03\/KA2_C2-Energeticka-transformace-z-pohledu-obci-Usteckeho-kraje.pdf\">Informa\u010dn\u00ed let\u00e1k<\/a><\/div>\n\n\n\n<div class=\"wp-block-button\"><a class=\"wp-block-button__link wp-element-button\" href=\"https:\/\/moodle.fzs.ujep.cz\/course\/view.php?id=2606\">LMS Moodle<\/a><\/div>\n<\/div>\n\n\n\n<h3 class=\"wp-block-heading has-heading-color has-background-2-background-color has-text-color has-background has-link-color wp-elements-13c114e350456076cff2cc1991862270\">Kurz: <strong>KA2_C1 &#8211; Vyu\u017eit\u00ed m\u00edstn\u00edho d\u011bdictv\u00ed pro rozvoj obc\u00ed a m\u011bst<\/strong><\/h3>\n\n\n\n<div class=\"wp-block-buttons is-content-justification-right is-layout-flex wp-container-core-buttons-is-layout-a6d96f85 wp-block-buttons-is-layout-flex\">\n<div class=\"wp-block-button\"><a class=\"wp-block-button__link wp-element-button\" href=\"https:\/\/znalostnihub.ujep.cz\/wp-content\/uploads\/2026\/03\/KA2_C1-Vyuziti-mistniho-dedictvi-pro-rozvoj-obci-a-mest.pdf\">Informa\u010dn\u00ed let\u00e1k<\/a><\/div>\n\n\n\n<div class=\"wp-block-button\"><a class=\"wp-block-button__link wp-element-button\" href=\"https:\/\/moodle.fzs.ujep.cz\/course\/view.php?id=2607\">LMS Moodle<\/a><\/div>\n<\/div>\n\n\n\n<h3 class=\"wp-block-heading has-heading-color has-background-4-background-color has-text-color has-background has-link-color wp-elements-281585a527e8038dd071aae9cc9bb3d8\">Kurz: <strong>KA2_C1 &#8211; Komunitn\u00ed rozvoj a soci\u00e1ln\u00ed inovace<\/strong> kv\u011btna 2026)<\/h3>\n\n\n\n<div class=\"wp-block-buttons is-content-justification-right is-layout-flex wp-container-core-buttons-is-layout-a6d96f85 wp-block-buttons-is-layout-flex\">\n<div class=\"wp-block-button\"><a class=\"wp-block-button__link wp-element-button\" href=\"https:\/\/znalostnihub.ujep.cz\/wp-content\/uploads\/2026\/03\/KA2_C1-Komunitni-rozvoj-a-socialni-inovace.pdf\">Informa\u010dn\u00ed let\u00e1k<\/a><\/div>\n\n\n\n<div class=\"wp-block-button\"><a class=\"wp-block-button__link wp-element-button\" href=\"https:\/\/moodle.fzs.ujep.cz\/course\/view.php?id=2608\">LMS Moodle<\/a><\/div>\n<\/div>\n\n\n\n<h3 class=\"wp-block-heading has-heading-color has-background-2-background-color has-text-color has-background has-link-color wp-elements-7009447312f04d497d6e065866664d94\">Kurz: <strong>KA2_C4 &#8211; Rozhodov\u00e1n\u00ed na z\u00e1klad\u011b fakt\u016f &#8211; cesta k efektivn\u00ed ve\u0159ejn\u00e9 spr\u00e1v\u011b<\/strong> <\/h3>\n\n\n\n<div class=\"wp-block-buttons is-content-justification-right is-layout-flex wp-container-core-buttons-is-layout-a6d96f85 wp-block-buttons-is-layout-flex\">\n<div class=\"wp-block-button\"><a class=\"wp-block-button__link wp-element-button\" href=\"https:\/\/znalostnihub.ujep.cz\/wp-content\/uploads\/2026\/03\/KA2_C4-Rozhodovani-na-zaklade-faktu-cesta-k-efektivni-verejne-sprave.pdf\">Informa\u010dn\u00ed let\u00e1k<\/a><\/div>\n\n\n\n<div class=\"wp-block-button\"><a class=\"wp-block-button__link wp-element-button\" href=\"https:\/\/moodle.fzs.ujep.cz\/course\/view.php?id=2609\">LMS Moodle<\/a><\/div>\n<\/div>\n\n\n\n<p><\/p>\n","protected":false},"excerpt":{"rendered":"<p>Zaujaly V\u00e1s vzd\u011bl\u00e1vac\u00ed kurzy a chcete se p\u0159ihl\u00e1sit? V p\u0159\u00edpad\u011b z\u00e1jmu o \u00fa\u010dast nebo doporu\u010den\u00ed vhodn\u00e9ho kandid\u00e1ta na vzd\u011bl\u00e1vac\u00ed kurzy kontaktujte z\u00e1stupce Hospod\u00e1\u0159sk\u00e9 a soci\u00e1ln\u00ed rady \u00dasteck\u00e9ho kraje, z.s., kter\u00e1 je partnerem projektu. Kontaktn\u00ed e-mail: znalostnihub@ujep.cz Podrobn\u00e9 informace ke vzd\u011bl\u00e1vac\u00edm kurz\u016fm V\u00e1m r\u00e1dy sd\u011bl\u00ed: Ing. Alena Piln\u00e1, e-mail: pilna@hsr-uk.cz, tel: 602 972 839 Bc. S\u00e1ra [&hellip;]<\/p>\n","protected":false},"author":1,"featured_media":0,"parent":0,"menu_order":0,"comment_status":"closed","ping_status":"closed","template":"","meta":{"footnotes":""},"class_list":["post-42","page","type-page","status-publish","hentry"],"_links":{"self":[{"href":"https:\/\/znalostnihub.ujep.cz\/index.php\/wp-json\/wp\/v2\/pages\/42","targetHints":{"allow":["GET"]}}],"collection":[{"href":"https:\/\/znalostnihub.ujep.cz\/index.php\/wp-json\/wp\/v2\/pages"}],"about":[{"href":"https:\/\/znalostnihub.ujep.cz\/index.php\/wp-json\/wp\/v2\/types\/page"}],"author":[{"embeddable":true,"href":"https:\/\/znalostnihub.ujep.cz\/index.php\/wp-json\/wp\/v2\/users\/1"}],"replies":[{"embeddable":true,"href":"https:\/\/znalostnihub.ujep.cz\/index.php\/wp-json\/wp\/v2\/comments?post=42"}],"version-history":[{"count":22,"href":"https:\/\/znalostnihub.ujep.cz\/index.php\/wp-json\/wp\/v2\/pages\/42\/revisions"}],"predecessor-version":[{"id":135,"href":"https:\/\/znalostnihub.ujep.cz\/index.php\/wp-json\/wp\/v2\/pages\/42\/revisions\/135"}],"wp:attachment":[{"href":"https:\/\/znalostnihub.ujep.cz\/index.php\/wp-json\/wp\/v2\/media?parent=42"}],"curies":[{"name":"wp","href":"https:\/\/api.w.org\/{rel}","templated":true}]}}